{"id":966,"date":"2021-06-24T01:36:35","date_gmt":"2021-06-24T01:36:35","guid":{"rendered":"https:\/\/www.astridchevallier.com\/finearts\/?page_id=966"},"modified":"2021-06-24T01:36:35","modified_gmt":"2021-06-24T01:36:35","slug":"logo","status":"publish","type":"page","link":"https:\/\/www.astridchevallier.com\/finearts\/index.php\/logo\/","title":{"rendered":"Logo"},"content":{"rendered":"<h1>Logo<\/h1>\n<hr \/>\n<p><strong>Concept, Art Direction, Design, Production.<\/strong><br \/>\nLogo design and\/or adaptation.<\/p>\n<p style=\"text-align: left;\"><div id=\"grid-gallery-36-54361\" data-gg-id=\"36\" data-title=\"Logo\" data-grid-type=\"1\" data-offset=\"20.3\" data-area-position=\"left\" data-icons=\"false\" data-preloader=\"true\" data-width=\"350\" data-height=\"\" data-padding=\"0\" data-quicksand=\"disabled\" data-quicksand-duration=\"none\" data-popup-theme=\"theme_6\" data-popup-type=\"pretty-photo\" data-popup-image-text=\"data-description\" data-popup-widthsize=\"auto\" data-popup-heightsize=\"auto\" data-popup-i18n-words=\"{&quot;close&quot;:&quot;close&quot;,&quot;next&quot;:&quot;next&quot;,&quot;previous&quot;:&quot;previous&quot;,&quot;start_slideshow&quot;:&quot;start slideshow&quot;,&quot;stop_slideshow&quot;:&quot;stop slideshow&quot;,&quot;image&quot;:&quot;image&quot;,&quot;of&quot;:&quot;of&quot;,&quot;prev&quot;:&quot;prev&quot;,&quot;cExpand&quot;:&quot;Expand&quot;,&quot;cPrevious&quot;:&quot;Previous&quot;,&quot;cNext&quot;:&quot;Next&quot;,&quot;cExpandStr&quot;:&quot;Expand the image&quot;,&quot;cRotate&quot;:&quot;Rotate&quot;,&quot;cDetails&quot;:&quot;Details&quot;}\" data-popup-slideshow=\"true\" data-popup-slideshow-speed=\"3000\" data-popup-hoverstop=\"true\" data-popup-slideshow-auto=\"false\" data-popup-background=\"\" data-popup-transparency=\"30\" data-popup-disable-history=\"\" data-popup-disable-changed-url=\"\" data-popup-border-type=\"solid\" data-popup-border-color=\"#000000\" data-popup-border-width=\"1\" data-popup-border-enable=\"on\" data-fullscreen=\"false\" data-hide-tooltip=\"true\" data-caption-font-family=\"Default\" data-caption-text-size=\"14px\" data-is-mobile=\"0\" data-caption-mobile=\"false\" data-hide-long-tltp-title=\"0\" data-caption-disabled-on-mobile=\"false\" data-lazyload-enable='1' data-lazyload-effect=\"show\" data-lazyload-effect-duration=\"400\" data-popup-placement-type=\"0\" data-social-sharing=\"{&quot;enabled&quot;:&quot;&quot;,&quot;gallerySharing&quot;:{&quot;enabled&quot;:null,&quot;position&quot;:null},&quot;imageSharing&quot;:{&quot;enabled&quot;:null,&quot;wrapperClass&quot;:&quot; vertical \\n &quot;},&quot;popupSharing&quot;:{&quot;enabled&quot;:null,&quot;wrapperClass&quot;:&quot; vertical \\n &quot;}}\" class=\"grid-gallery grid-gallery-fluid-height \" style=\" width:100%; height:auto ; float: left; position:relative;\" > <div class=\"gallery-loading\"> <div class=\"blocks\"> <div class=\"block\"><\/div> <div class=\"block\"><\/div> <div class=\"block\"><\/div> <div class=\"block\"><\/div> <\/div> <\/div> <div class=\"gallery-sharing-top\"><\/div> <div id=\"photos-36\" class=\"grid-gallery-photos \" > <a id=\"gg-36-372\" class=\"gg-link \" href=\"https:\/\/www.astridchevallier.com\/finearts\/wp-content\/uploads\/2021\/06\/AstridChevallier_Logo_Page_12.jpg?gid=36\" target=\"_self\" data-rel=\"prettyPhoto[pp_gal]\" style=\"border-radius: 0px;\" ><FIGURE class=\"grid-gallery-caption \" data-grid-gallery-type=\"none\" data-index=\"0\" style=\"display:none;border: 1px solid #000000; border-radius: 0px; ; margin: 20.3px; width:350px;\" ><div class=\"crop \" style=\" \"><img decoding=\"async\" data-gg-real-image-href=\"https:\/\/www.astridchevallier.com\/finearts\/wp-content\/uploads\/2021\/06\/AstridChevallier_Logo_Page_12-350x453.jpg\" src=\"https:\/\/www.astridchevallier.com\/finearts\/wp-content\/plugins\/gallery-by-supsystic\/src\/GridGallery\/Galleries\/assets\/img\/loading.gif\" class=\"ggImg ggLazyImg\" alt=\"AstridChevallier_Logo_Page_12\" data-description=\"GK-tv - production company\" data-caption=\"AstridChevallier_Logo_Page_12\" data-title=\"AstridChevallier_Logo_Page_12\" style=\" width:350px; \" \/><\/div><FIGCAPTION class=\"\" data-alpha=\"5\" style=\"color:#ffffff; background-color:#000000; font-size:14px; text-align:left; font-family:Default; opacity:1; bottom:0;\" ><div class=\"grid-gallery-figcaption-wrap\" style=\" vertical-align:top; \"><\/div><\/FIGCAPTION><\/FIGURE><\/a> <a id=\"gg-36-364\" class=\"gg-link \" href=\"https:\/\/www.astridchevallier.com\/finearts\/wp-content\/uploads\/2021\/06\/AstridChevallier_Logo_Page_02.jpg?gid=36\" target=\"_self\" data-rel=\"prettyPhoto[pp_gal]\" style=\"border-radius: 0px;\" ><FIGURE class=\"grid-gallery-caption \" data-grid-gallery-type=\"none\" data-index=\"1\" style=\"display:none;border: 1px solid #000000; border-radius: 0px; ; margin: 20.3px; width:350px;\" ><div class=\"crop \" style=\" \"><img decoding=\"async\" data-gg-real-image-href=\"https:\/\/www.astridchevallier.com\/finearts\/wp-content\/uploads\/2021\/06\/AstridChevallier_Logo_Page_02-350x453.jpg\" src=\"https:\/\/www.astridchevallier.com\/finearts\/wp-content\/plugins\/gallery-by-supsystic\/src\/GridGallery\/Galleries\/assets\/img\/loading.gif\" class=\"ggImg ggLazyImg\" alt=\"AstridChevallier_Logo_Page_02\" data-description=\"Fluid Film - production company\" data-caption=\"AstridChevallier_Logo_Page_02\" data-title=\"AstridChevallier_Logo_Page_02\" style=\" width:350px; \" \/><\/div><FIGCAPTION class=\"\" data-alpha=\"5\" style=\"color:#ffffff; background-color:#000000; font-size:14px; text-align:left; font-family:Default; opacity:1; bottom:0;\" ><div class=\"grid-gallery-figcaption-wrap\" style=\" vertical-align:top; \"><\/div><\/FIGCAPTION><\/FIGURE><\/a> <a id=\"gg-36-371\" class=\"gg-link \" href=\"https:\/\/www.astridchevallier.com\/finearts\/wp-content\/uploads\/2021\/06\/AstridChevallier_Logo_Page_10.jpg?gid=36\" target=\"_self\" data-rel=\"prettyPhoto[pp_gal]\" style=\"border-radius: 0px;\" ><FIGURE class=\"grid-gallery-caption \" data-grid-gallery-type=\"none\" data-index=\"2\" style=\"display:none;border: 1px solid #000000; border-radius: 0px; ; margin: 20.3px; width:350px;\" ><div class=\"crop \" style=\" \"><img decoding=\"async\" data-gg-real-image-href=\"https:\/\/www.astridchevallier.com\/finearts\/wp-content\/uploads\/2021\/06\/AstridChevallier_Logo_Page_10-350x453.jpg\" src=\"https:\/\/www.astridchevallier.com\/finearts\/wp-content\/plugins\/gallery-by-supsystic\/src\/GridGallery\/Galleries\/assets\/img\/loading.gif\" class=\"ggImg ggLazyImg\" alt=\"AstridChevallier_Logo_Page_10\" data-description=\"Easy Movie Poster - movie poster templates\" data-caption=\"AstridChevallier_Logo_Page_10\" data-title=\"AstridChevallier_Logo_Page_10\" style=\" width:350px; \" \/><\/div><FIGCAPTION class=\"\" data-alpha=\"5\" style=\"color:#ffffff; background-color:#000000; font-size:14px; text-align:left; font-family:Default; opacity:1; bottom:0;\" ><div class=\"grid-gallery-figcaption-wrap\" style=\" vertical-align:top; \"><\/div><\/FIGCAPTION><\/FIGURE><\/a> <a id=\"gg-36-365\" class=\"gg-link \" href=\"https:\/\/www.astridchevallier.com\/finearts\/wp-content\/uploads\/2021\/06\/AstridChevallier_Logo_Page_03.jpg?gid=36\" target=\"_self\" data-rel=\"prettyPhoto[pp_gal]\" style=\"border-radius: 0px;\" ><FIGURE class=\"grid-gallery-caption \" data-grid-gallery-type=\"none\" data-index=\"3\" style=\"display:none;border: 1px solid #000000; border-radius: 0px; ; margin: 20.3px; width:350px;\" ><div class=\"crop \" style=\" \"><img decoding=\"async\" data-gg-real-image-href=\"https:\/\/www.astridchevallier.com\/finearts\/wp-content\/uploads\/2021\/06\/AstridChevallier_Logo_Page_03-350x453.jpg\" src=\"https:\/\/www.astridchevallier.com\/finearts\/wp-content\/plugins\/gallery-by-supsystic\/src\/GridGallery\/Galleries\/assets\/img\/loading.gif\" class=\"ggImg ggLazyImg\" alt=\"AstridChevallier_Logo_Page_03\" data-description=\"The Kompany - production company\" data-caption=\"AstridChevallier_Logo_Page_03\" data-title=\"AstridChevallier_Logo_Page_03\" style=\" width:350px; \" \/><\/div><FIGCAPTION class=\"\" data-alpha=\"5\" style=\"color:#ffffff; background-color:#000000; font-size:14px; text-align:left; font-family:Default; opacity:1; bottom:0;\" ><div class=\"grid-gallery-figcaption-wrap\" style=\" vertical-align:top; \"><\/div><\/FIGCAPTION><\/FIGURE><\/a> <a id=\"gg-36-376\" class=\"gg-link \" href=\"https:\/\/www.astridchevallier.com\/finearts\/wp-content\/uploads\/2021\/06\/AstridChevallier_Logo_Page_16.jpg?gid=36\" target=\"_self\" data-rel=\"prettyPhoto[pp_gal]\" style=\"border-radius: 0px;\" ><FIGURE class=\"grid-gallery-caption \" data-grid-gallery-type=\"none\" data-index=\"4\" style=\"display:none;border: 1px solid #000000; border-radius: 0px; ; margin: 20.3px; width:350px;\" ><div class=\"crop \" style=\" \"><img decoding=\"async\" data-gg-real-image-href=\"https:\/\/www.astridchevallier.com\/finearts\/wp-content\/uploads\/2021\/06\/AstridChevallier_Logo_Page_16-350x453.jpg\" src=\"https:\/\/www.astridchevallier.com\/finearts\/wp-content\/plugins\/gallery-by-supsystic\/src\/GridGallery\/Galleries\/assets\/img\/loading.gif\" class=\"ggImg ggLazyImg\" alt=\"AstridChevallier_Logo_Page_16\" data-description=\"Maxine Leonard - PR\" data-caption=\"AstridChevallier_Logo_Page_16\" data-title=\"AstridChevallier_Logo_Page_16\" style=\" width:350px; \" \/><\/div><FIGCAPTION class=\"\" data-alpha=\"5\" style=\"color:#ffffff; background-color:#000000; font-size:14px; text-align:left; font-family:Default; opacity:1; bottom:0;\" ><div class=\"grid-gallery-figcaption-wrap\" style=\" vertical-align:top; \"><\/div><\/FIGCAPTION><\/FIGURE><\/a> <a id=\"gg-36-370\" class=\"gg-link \" href=\"https:\/\/www.astridchevallier.com\/finearts\/wp-content\/uploads\/2021\/06\/AstridChevallier_Logo_Page_09.jpg?gid=36\" target=\"_self\" data-rel=\"prettyPhoto[pp_gal]\" style=\"border-radius: 0px;\" ><FIGURE class=\"grid-gallery-caption \" data-grid-gallery-type=\"none\" data-index=\"5\" style=\"display:none;border: 1px solid #000000; border-radius: 0px; ; margin: 20.3px; width:350px;\" ><div class=\"crop \" style=\" \"><img decoding=\"async\" data-gg-real-image-href=\"https:\/\/www.astridchevallier.com\/finearts\/wp-content\/uploads\/2021\/06\/AstridChevallier_Logo_Page_09-350x453.jpg\" src=\"https:\/\/www.astridchevallier.com\/finearts\/wp-content\/plugins\/gallery-by-supsystic\/src\/GridGallery\/Galleries\/assets\/img\/loading.gif\" class=\"ggImg ggLazyImg\" alt=\"AstridChevallier_Logo_Page_09\" data-description=\"Da Vinci - production company\" data-caption=\"AstridChevallier_Logo_Page_09\" data-title=\"AstridChevallier_Logo_Page_09\" style=\" width:350px; \" \/><\/div><FIGCAPTION class=\"\" data-alpha=\"5\" style=\"color:#ffffff; background-color:#000000; font-size:14px; text-align:left; font-family:Default; opacity:1; bottom:0;\" ><div class=\"grid-gallery-figcaption-wrap\" style=\" vertical-align:top; \"><\/div><\/FIGCAPTION><\/FIGURE><\/a> <a id=\"gg-36-367\" class=\"gg-link \" href=\"https:\/\/www.astridchevallier.com\/finearts\/wp-content\/uploads\/2021\/06\/AstridChevallier_Logo_Page_06.jpg?gid=36\" target=\"_self\" data-rel=\"prettyPhoto[pp_gal]\" style=\"border-radius: 0px;\" ><FIGURE class=\"grid-gallery-caption \" data-grid-gallery-type=\"none\" data-index=\"6\" style=\"display:none;border: 1px solid #000000; border-radius: 0px; ; margin: 20.3px; width:350px;\" ><div class=\"crop \" style=\" \"><img decoding=\"async\" data-gg-real-image-href=\"https:\/\/www.astridchevallier.com\/finearts\/wp-content\/uploads\/2021\/06\/AstridChevallier_Logo_Page_06-350x453.jpg\" src=\"https:\/\/www.astridchevallier.com\/finearts\/wp-content\/plugins\/gallery-by-supsystic\/src\/GridGallery\/Galleries\/assets\/img\/loading.gif\" class=\"ggImg ggLazyImg\" alt=\"AstridChevallier_Logo_Page_06\" data-description=\"Aquafina - sponsor\" data-caption=\"AstridChevallier_Logo_Page_06\" data-title=\"AstridChevallier_Logo_Page_06\" style=\" width:350px; \" \/><\/div><FIGCAPTION class=\"\" data-alpha=\"5\" style=\"color:#ffffff; background-color:#000000; font-size:14px; text-align:left; font-family:Default; opacity:1; bottom:0;\" ><div class=\"grid-gallery-figcaption-wrap\" style=\" vertical-align:top; \"><\/div><\/FIGCAPTION><\/FIGURE><\/a> <a id=\"gg-36-366\" class=\"gg-link \" href=\"https:\/\/www.astridchevallier.com\/finearts\/wp-content\/uploads\/2021\/06\/AstridChevallier_Logo_Page_04.jpg?gid=36\" target=\"_self\" data-rel=\"prettyPhoto[pp_gal]\" style=\"border-radius: 0px;\" ><FIGURE class=\"grid-gallery-caption \" data-grid-gallery-type=\"none\" data-index=\"7\" style=\"display:none;border: 1px solid #000000; border-radius: 0px; ; margin: 20.3px; width:350px;\" ><div class=\"crop \" style=\" \"><img decoding=\"async\" data-gg-real-image-href=\"https:\/\/www.astridchevallier.com\/finearts\/wp-content\/uploads\/2021\/06\/AstridChevallier_Logo_Page_04-350x453.jpg\" src=\"https:\/\/www.astridchevallier.com\/finearts\/wp-content\/plugins\/gallery-by-supsystic\/src\/GridGallery\/Galleries\/assets\/img\/loading.gif\" class=\"ggImg ggLazyImg\" alt=\"AstridChevallier_Logo_Page_04\" data-description=\"La Temp\u00eate - Theater play (The Tempest, by Shakespeare)\" data-caption=\"AstridChevallier_Logo_Page_04\" data-title=\"AstridChevallier_Logo_Page_04\" style=\" width:350px; \" \/><\/div><FIGCAPTION class=\"\" data-alpha=\"5\" style=\"color:#ffffff; background-color:#000000; font-size:14px; text-align:left; font-family:Default; opacity:1; bottom:0;\" ><div class=\"grid-gallery-figcaption-wrap\" style=\" vertical-align:top; \"><\/div><\/FIGCAPTION><\/FIGURE><\/a> <a id=\"gg-36-377\" class=\"gg-link \" href=\"https:\/\/www.astridchevallier.com\/finearts\/wp-content\/uploads\/2021\/06\/AstridChevallier_Logo_Page_18.jpg?gid=36\" target=\"_self\" data-rel=\"prettyPhoto[pp_gal]\" style=\"border-radius: 0px;\" ><FIGURE class=\"grid-gallery-caption \" data-grid-gallery-type=\"none\" data-index=\"8\" style=\"display:none;border: 1px solid #000000; border-radius: 0px; ; margin: 20.3px; width:350px;\" ><div class=\"crop \" style=\" \"><img decoding=\"async\" data-gg-real-image-href=\"https:\/\/www.astridchevallier.com\/finearts\/wp-content\/uploads\/2021\/06\/AstridChevallier_Logo_Page_18-350x453.jpg\" src=\"https:\/\/www.astridchevallier.com\/finearts\/wp-content\/plugins\/gallery-by-supsystic\/src\/GridGallery\/Galleries\/assets\/img\/loading.gif\" class=\"ggImg ggLazyImg\" alt=\"AstridChevallier_Logo_Page_18\" data-description=\"You&amp;#039;ve got it - entertainment\" data-caption=\"AstridChevallier_Logo_Page_18\" data-title=\"AstridChevallier_Logo_Page_18\" style=\" width:350px; \" \/><\/div><FIGCAPTION class=\"\" data-alpha=\"5\" style=\"color:#ffffff; background-color:#000000; font-size:14px; text-align:left; font-family:Default; opacity:1; bottom:0;\" ><div class=\"grid-gallery-figcaption-wrap\" style=\" vertical-align:top; \"><\/div><\/FIGCAPTION><\/FIGURE><\/a> <a id=\"gg-36-375\" class=\"gg-link \" href=\"https:\/\/www.astridchevallier.com\/finearts\/wp-content\/uploads\/2021\/06\/AstridChevallier_Logo_Page_15.jpg?gid=36\" target=\"_self\" data-rel=\"prettyPhoto[pp_gal]\" style=\"border-radius: 0px;\" ><FIGURE class=\"grid-gallery-caption \" data-grid-gallery-type=\"none\" data-index=\"9\" style=\"display:none;border: 1px solid #000000; border-radius: 0px; ; margin: 20.3px; width:350px;\" ><div class=\"crop \" style=\" \"><img decoding=\"async\" data-gg-real-image-href=\"https:\/\/www.astridchevallier.com\/finearts\/wp-content\/uploads\/2021\/06\/AstridChevallier_Logo_Page_15-350x453.jpg\" src=\"https:\/\/www.astridchevallier.com\/finearts\/wp-content\/plugins\/gallery-by-supsystic\/src\/GridGallery\/Galleries\/assets\/img\/loading.gif\" class=\"ggImg ggLazyImg\" alt=\"AstridChevallier_Logo_Page_15\" data-description=\"Le Studio - Theater company\" data-caption=\"AstridChevallier_Logo_Page_15\" data-title=\"AstridChevallier_Logo_Page_15\" style=\" width:350px; \" \/><\/div><FIGCAPTION class=\"\" data-alpha=\"5\" style=\"color:#ffffff; background-color:#000000; font-size:14px; text-align:left; font-family:Default; opacity:1; bottom:0;\" ><div class=\"grid-gallery-figcaption-wrap\" style=\" vertical-align:top; \"><\/div><\/FIGCAPTION><\/FIGURE><\/a> <a id=\"gg-36-374\" class=\"gg-link \" href=\"https:\/\/www.astridchevallier.com\/finearts\/wp-content\/uploads\/2021\/06\/AstridChevallier_Logo_Page_14.jpg?gid=36\" target=\"_self\" data-rel=\"prettyPhoto[pp_gal]\" style=\"border-radius: 0px;\" ><FIGURE class=\"grid-gallery-caption \" data-grid-gallery-type=\"none\" data-index=\"10\" style=\"display:none;border: 1px solid #000000; border-radius: 0px; ; margin: 20.3px; width:350px;\" ><div class=\"crop \" style=\" \"><img decoding=\"async\" data-gg-real-image-href=\"https:\/\/www.astridchevallier.com\/finearts\/wp-content\/uploads\/2021\/06\/AstridChevallier_Logo_Page_14-350x453.jpg\" src=\"https:\/\/www.astridchevallier.com\/finearts\/wp-content\/plugins\/gallery-by-supsystic\/src\/GridGallery\/Galleries\/assets\/img\/loading.gif\" class=\"ggImg ggLazyImg\" alt=\"AstridChevallier_Logo_Page_14\" data-description=\"Le Bouillon - Theater company\" data-caption=\"AstridChevallier_Logo_Page_14\" data-title=\"AstridChevallier_Logo_Page_14\" style=\" width:350px; \" \/><\/div><FIGCAPTION class=\"\" data-alpha=\"5\" style=\"color:#ffffff; background-color:#000000; font-size:14px; text-align:left; font-family:Default; opacity:1; bottom:0;\" ><div class=\"grid-gallery-figcaption-wrap\" style=\" vertical-align:top; \"><\/div><\/FIGCAPTION><\/FIGURE><\/a> <a id=\"gg-36-373\" class=\"gg-link \" href=\"https:\/\/www.astridchevallier.com\/finearts\/wp-content\/uploads\/2021\/06\/AstridChevallier_Logo_Page_13.jpg?gid=36\" target=\"_self\" data-rel=\"prettyPhoto[pp_gal]\" style=\"border-radius: 0px;\" ><FIGURE class=\"grid-gallery-caption \" data-grid-gallery-type=\"none\" data-index=\"11\" style=\"display:none;border: 1px solid #000000; border-radius: 0px; ; margin: 20.3px; width:350px;\" ><div class=\"crop \" style=\" \"><img decoding=\"async\" data-gg-real-image-href=\"https:\/\/www.astridchevallier.com\/finearts\/wp-content\/uploads\/2021\/06\/AstridChevallier_Logo_Page_13-350x453.jpg\" src=\"https:\/\/www.astridchevallier.com\/finearts\/wp-content\/plugins\/gallery-by-supsystic\/src\/GridGallery\/Galleries\/assets\/img\/loading.gif\" class=\"ggImg ggLazyImg\" alt=\"AstridChevallier_Logo_Page_13\" data-description=\"Ground Floor Caf\u00e9 - Caf\u00e9\" data-caption=\"AstridChevallier_Logo_Page_13\" data-title=\"AstridChevallier_Logo_Page_13\" style=\" width:350px; \" \/><\/div><FIGCAPTION class=\"\" data-alpha=\"5\" style=\"color:#ffffff; background-color:#000000; font-size:14px; text-align:left; font-family:Default; opacity:1; bottom:0;\" ><div class=\"grid-gallery-figcaption-wrap\" style=\" vertical-align:top; \"><\/div><\/FIGCAPTION><\/FIGURE><\/a> <a id=\"gg-36-368\" class=\"gg-link \" href=\"https:\/\/www.astridchevallier.com\/finearts\/wp-content\/uploads\/2021\/06\/AstridChevallier_Logo_Page_07.jpg?gid=36\" target=\"_self\" data-rel=\"prettyPhoto[pp_gal]\" style=\"border-radius: 0px;\" ><FIGURE class=\"grid-gallery-caption \" data-grid-gallery-type=\"none\" data-index=\"12\" style=\"display:none;border: 1px solid #000000; border-radius: 0px; ; margin: 20.3px; width:350px;\" ><div class=\"crop \" style=\" \"><img decoding=\"async\" data-gg-real-image-href=\"https:\/\/www.astridchevallier.com\/finearts\/wp-content\/uploads\/2021\/06\/AstridChevallier_Logo_Page_07-350x453.jpg\" src=\"https:\/\/www.astridchevallier.com\/finearts\/wp-content\/plugins\/gallery-by-supsystic\/src\/GridGallery\/Galleries\/assets\/img\/loading.gif\" class=\"ggImg ggLazyImg\" alt=\"AstridChevallier_Logo_Page_07\" data-description=\"David Gooding stationery - Classic Car Auction House\" data-caption=\"AstridChevallier_Logo_Page_07\" data-title=\"AstridChevallier_Logo_Page_07\" style=\" width:350px; \" \/><\/div><FIGCAPTION class=\"\" data-alpha=\"5\" style=\"color:#ffffff; background-color:#000000; font-size:14px; text-align:left; font-family:Default; opacity:1; bottom:0;\" ><div class=\"grid-gallery-figcaption-wrap\" style=\" vertical-align:top; \"><\/div><\/FIGCAPTION><\/FIGURE><\/a> <a id=\"gg-36-369\" class=\"gg-link \" href=\"https:\/\/www.astridchevallier.com\/finearts\/wp-content\/uploads\/2021\/06\/AstridChevallier_Logo_Page_08.jpg?gid=36\" target=\"_self\" data-rel=\"prettyPhoto[pp_gal]\" style=\"border-radius: 0px;\" ><FIGURE class=\"grid-gallery-caption \" data-grid-gallery-type=\"none\" data-index=\"13\" style=\"display:none;border: 1px solid #000000; border-radius: 0px; ; margin: 20.3px; width:350px;\" ><div class=\"crop \" style=\" \"><img decoding=\"async\" data-gg-real-image-href=\"https:\/\/www.astridchevallier.com\/finearts\/wp-content\/uploads\/2021\/06\/AstridChevallier_Logo_Page_08-350x453.jpg\" src=\"https:\/\/www.astridchevallier.com\/finearts\/wp-content\/plugins\/gallery-by-supsystic\/src\/GridGallery\/Galleries\/assets\/img\/loading.gif\" class=\"ggImg ggLazyImg\" alt=\"AstridChevallier_Logo_Page_08\" data-description=\"Actionnaire de la Soci\u00e9t\u00e9 G\u00e9n\u00b4rale - bank\" data-caption=\"AstridChevallier_Logo_Page_08\" data-title=\"AstridChevallier_Logo_Page_08\" style=\" width:350px; \" \/><\/div><FIGCAPTION class=\"\" data-alpha=\"5\" style=\"color:#ffffff; background-color:#000000; font-size:14px; text-align:left; font-family:Default; opacity:1; bottom:0;\" ><div class=\"grid-gallery-figcaption-wrap\" style=\" vertical-align:top; \"><\/div><\/FIGCAPTION><\/FIGURE><\/a> <div class=\"grid-gallery-clearfix\"><\/div> <\/div> <div class=\"gallery-sharing-bottom\"><\/div> <div class=\"grid-gallery-clearfix\"><\/div> <\/div> <!-- Gallery by Supsystic plugin 1.14.7 --><\/p>\n","protected":false},"excerpt":{"rendered":"<p>Logo Concept, Art Direction, Design, Production. Logo design and\/or adaptation.<\/p>\n","protected":false},"author":1,"featured_media":0,"parent":0,"menu_order":0,"comment_status":"closed","ping_status":"closed","template":"","meta":{"footnotes":""},"class_list":["post-966","page","type-page","status-publish","hentry"],"_links":{"self":[{"href":"https:\/\/www.astridchevallier.com\/finearts\/index.php\/wp-json\/wp\/v2\/pages\/966"}],"collection":[{"href":"https:\/\/www.astridchevallier.com\/finearts\/index.php\/wp-json\/wp\/v2\/pages"}],"about":[{"href":"https:\/\/www.astridchevallier.com\/finearts\/index.php\/wp-json\/wp\/v2\/types\/page"}],"author":[{"embeddable":true,"href":"https:\/\/www.astridchevallier.com\/finearts\/index.php\/wp-json\/wp\/v2\/users\/1"}],"replies":[{"embeddable":true,"href":"https:\/\/www.astridchevallier.com\/finearts\/index.php\/wp-json\/wp\/v2\/comments?post=966"}],"version-history":[{"count":1,"href":"https:\/\/www.astridchevallier.com\/finearts\/index.php\/wp-json\/wp\/v2\/pages\/966\/revisions"}],"predecessor-version":[{"id":967,"href":"https:\/\/www.astridchevallier.com\/finearts\/index.php\/wp-json\/wp\/v2\/pages\/966\/revisions\/967"}],"wp:attachment":[{"href":"https:\/\/www.astridchevallier.com\/finearts\/index.php\/wp-json\/wp\/v2\/media?parent=966"}],"curies":[{"name":"wp","href":"https:\/\/api.w.org\/{rel}","templated":true}]}}